{"id":3363,"date":"2022-10-20T08:45:09","date_gmt":"2022-10-20T06:45:09","guid":{"rendered":"https:\/\/www.sacsaposter.fr\/?page_id=3363"},"modified":"2023-03-14T11:18:30","modified_gmt":"2023-03-14T10:18:30","slug":"mentions-legales","status":"publish","type":"page","link":"https:\/\/www.sacsaposter.fr\/index.php\/mentions-legales\/","title":{"rendered":"Mentions l\u00e9gales"},"content":{"rendered":"\n<p>MPNE est une entreprise commerciale immatricul\u00e9e aupr\u00e8s du registre du Commerce et des Soci\u00e9t\u00e9s de Rennes.<\/p>\n\n\n\n<p>&nbsp;Num\u00e9ro SIRET : 815 408 992 RCS Rennes<\/p>\n\n\n\n<p>TVA : FR90815408992<\/p>\n\n\n\n<p>SARL MPNE &#8211; 4 rue des Nouettes &#8211; 35890 Bourg des Comptes &#8211; France\u00a0\u00a0<\/p>\n\n\n\n<ul class=\"wp-block-list\"><li>Informations relatives au site<\/li><li>Respect des droits<\/li><li>Donn\u00e9es nominatives<\/li><\/ul>\n\n\n\n<p>&nbsp;&#8212;&#8212;&#8212;&#8212;&#8212;&#8212;&#8212;&#8212;&#8212;&#8212;&#8212;&#8212;&#8212;&#8212;&#8212;&#8212;&#8212;&#8212;&#8212;&#8212;&#8212;&#8212;&#8212;&#8212;&#8212;&#8212;&#8212;&#8212;&#8212;&#8212;&#8212;&#8212;&#8212;&#8212;&#8212;&#8212;&#8212;&#8212;&#8212;&#8212;&#8212;&#8212;&#8212;&#8212;&#8212;&#8212;<\/p>\n\n\n\n<h2 class=\"wp-block-heading\">Informations g\u00e9n\u00e9rales relatives au site<\/h2>\n\n\n\n<h3 class=\"wp-block-heading\">Editeur<\/h3>\n\n\n\n<p>MPNE &#8211; 4 rue des Nouettes &#8211; 35890 Bourg des Comptes<\/p>\n\n\n\n<h3 class=\"wp-block-heading\"><strong>H\u00e9bergeur<\/strong><\/h3>\n\n\n\n<p>Le pr\u00e9sent site est h\u00e9berg\u00e9 par OVH SAS au capital de 500 K\u20ac RCS Roubaix &#8211; Tourcoing 424 761 419 00011 &#8211; Si\u00e8ge social : 140 Quai du Sartel &#8211; 59100 Roubaix &#8211; France, Immeuble Prolog &#8211; 124, bd de Verdun &#8211; 92400 Courbevoie.&nbsp;&nbsp;<\/p>\n\n\n\n<h3 class=\"wp-block-heading\">Respect des droits<\/h3>\n\n\n\n<p>Les textes, photos, images, dessins et sons, et plus g\u00e9n\u00e9ralement l&rsquo;ensemble des \u00e9l\u00e9ments contenus dans le site sont prot\u00e9g\u00e9s par le droit d&rsquo;auteur. Toute reproduction est donc strictement interdite, \u00e0 l&rsquo;exception du contenu sous licence GPU\/GNU\/CC. Par le pr\u00e9sent site vous pourrez acc\u00e9der \u00e0 d&rsquo;autres sites, con\u00e7us et g\u00e9r\u00e9s sous la responsabilit\u00e9 de tiers. Nous n&rsquo;exer\u00e7ons aucun contr\u00f4le sur les contenus desdits sites et nous d\u00e9clinons toute responsabilit\u00e9 notamment s&rsquo;agissant de leur contenu. Il est interdit \u00e0 toute personne physique ou morale de mettre en place un lien hypertexte vers notre site sans autorisation expresse et pr\u00e9alable.&nbsp;&nbsp;&#8212;&#8212;&#8212;&#8212;&#8212;&#8212;&#8212;&#8212;&#8212;&#8212;&#8212;&#8212;&#8212;&#8212;&#8212;&#8212;&#8212;&#8212;&#8212;&#8212;&#8212;&#8212;&#8212;&#8212;&#8212;&#8212;&#8212;&#8212;&#8212;&#8212;&#8212;&#8212;&#8212;&#8212;&#8212;&#8212;&#8212;&#8212;&#8212;&#8212;&#8212;&#8212;&#8212;&#8212;&#8212;&#8212;&nbsp;<\/p>\n\n\n\n<h2 class=\"wp-block-heading\">Donn\u00e9es nominatives<\/h2>\n\n\n\n<p>La collecte de vos donn\u00e9es nominatives nous est n\u00e9cessaire \u00e0 la prise en compte de votre demande.\u00a0Conform\u00e9ment \u00e0 la loi sur l&rsquo;informatique et les libert\u00e9s du 6 janvier 1978, vous disposez d&rsquo;un droit d&rsquo;acc\u00e8s, de modification, de rectification et de suppression de donn\u00e9es qui vous concernent (art 34 de la loi Informatique et Libert\u00e9s). Pour l&rsquo;exercer, adressez vous \u00e0 MPNE, service Relations Clients, 4 rue des Nouettes, 35890 Bourg des Comptes ou par courriel \u00e0\u00a0\u00a0<a href=\"mailto:contact@sacsaposter.fr\">contact@sacsaposter.fr<\/a>.\u00a0<\/p>\n\n\n\n<p>&#8212;&#8212;&#8212;&#8212;&#8212;&#8212;&#8212;&#8212;&#8212;&#8212;&#8212;&#8212;&#8212;&#8212;&#8212;&#8212;&#8212;&#8212;&#8212;&#8212;&#8212;&#8212;&#8212;&#8212;&#8212;&#8212;&#8211;<\/p>\n\n\n\n<h2 class=\"wp-block-heading\">Licence d&rsquo;acc\u00e8s au Site<\/h2>\n\n\n\n<p>Nous Vous accordons une licence limit\u00e9e \u00e0 l&rsquo;acc\u00e8s et \u00e0 l&rsquo;utilisation du Site pour votre utilisation personnelle. En aucun cas Vous n&rsquo;\u00eates autoris\u00e9 \u00e0 t\u00e9l\u00e9charger ou \u00e0 modifier tout ou partie de ce Site sans Notre autorisation \u00e9crite et expresse.Cette licence ne Vous permet en aucun cas d&rsquo;utiliser, pour la vente ou pour toute autre utilisation commerciale ce Site ou son contenu (produits list\u00e9s, descriptions, prix, t\u00e9l\u00e9chargement ou copie des informations pour le compte d&rsquo;un autre commer\u00e7ant, utilisation de donn\u00e9es, logiciels, extraits sonores, graphismes, images, textes, photographies, outils).Ce Site ou toute partie de ce Site ne doit en aucun cas \u00eatre reproduit, copi\u00e9, vendu ou exploit\u00e9 pour des raisons commerciales sans notre autorisation expresse et \u00e9crite.Vous ne devez pas utiliser des techniques permettant de copier une marque, un logo ou toute autre information (notamment images, texte, maquettes) dont Nous sommes propri\u00e9taires sans notre accord express et \u00e9crit. Vous ne devez pas utiliser les meta tags ou tout autre texte \u00ab&nbsp;cach\u00e9&nbsp;\u00bb contenant notre nom, notre marque ou celui des soci\u00e9t\u00e9s de notre groupe sans notre accord express et \u00e9crit. Toute utilisation non autoris\u00e9e mettra fin \u00e0 la licence que Nous Vous avons accord\u00e9e.<\/p>\n\n\n\n<p>Toute utilisation dans votre lien de notre logo, de notre marque ou de nos graphismes n\u00e9cessite notre autorisation expresse et \u00e9crite.<\/p>\n","protected":false},"excerpt":{"rendered":"<p>MPNE est une entreprise commerciale immatricul\u00e9e aupr\u00e8s du registre du Commerce et des Soci\u00e9t\u00e9s de Rennes. &nbsp;Num\u00e9ro SIRET : 815 408 992 RCS Rennes TVA : FR90815408992 SARL MPNE &#8211; 4 rue des Nouettes &#8211; 35890 Bourg des Comptes &#8211; France\u00a0\u00a0 Informations relatives au site Respect des droits Donn\u00e9es nominatives &nbsp;&#8212;&#8212;&#8212;&#8212;&#8212;&#8212;&#8212;&#8212;&#8212;&#8212;&#8212;&#8212;&#8212;&#8212;&#8212;&#8212;&#8212;&#8212;&#8212;&#8212;&#8212;&#8212;&#8212;&#8212;&#8212;&#8212;&#8212;&#8212;&#8212;&#8212;&#8212;&#8212;&#8212;&#8212;&#8212;&#8212;&#8212;&#8212;&#8212;&#8212;&#8212;&#8212;&#8212;&#8212;&#8212;&#8212; Informations g\u00e9n\u00e9rales relatives au [&hellip;]<\/p>\n","protected":false},"author":1,"featured_media":0,"parent":0,"menu_order":0,"comment_status":"closed","ping_status":"closed","template":"","meta":{"footnotes":""},"class_list":["post-3363","page","type-page","status-publish","hentry"],"yoast_head":"<!-- This site is optimized with the Yoast SEO plugin v26.7 - https:\/\/yoast.com\/wordpress\/plugins\/seo\/ -->\n<title>Mentions l\u00e9gales - SACS A POSTER<\/title>\n<meta name=\"robots\" content=\"index, follow, max-snippet:-1, max-image-preview:large, max-video-preview:-1\" \/>\n<link rel=\"canonical\" href=\"https:\/\/www.sacsaposter.fr\/index.php\/mentions-legales\/\" \/>\n<meta property=\"og:locale\" content=\"fr_FR\" \/>\n<meta property=\"og:type\" content=\"article\" \/>\n<meta property=\"og:title\" content=\"Mentions l\u00e9gales - SACS A POSTER\" \/>\n<meta property=\"og:description\" content=\"MPNE est une entreprise commerciale immatricul\u00e9e aupr\u00e8s du registre du Commerce et des Soci\u00e9t\u00e9s de Rennes. &nbsp;Num\u00e9ro SIRET : 815 408 992 RCS Rennes TVA : FR90815408992 SARL MPNE &#8211; 4 rue des Nouettes &#8211; 35890 Bourg des Comptes &#8211; France\u00a0\u00a0 Informations relatives au site Respect des droits Donn\u00e9es nominatives &nbsp;&#8212;&#8212;&#8212;&#8212;&#8212;&#8212;&#8212;&#8212;&#8212;&#8212;&#8212;&#8212;&#8212;&#8212;&#8212;&#8212;&#8212;&#8212;&#8212;&#8212;&#8212;&#8212;&#8212;&#8212;&#8212;&#8212;&#8212;&#8212;&#8212;&#8212;&#8212;&#8212;&#8212;&#8212;&#8212;&#8212;&#8212;&#8212;&#8212;&#8212;&#8212;&#8212;&#8212;&#8212;&#8212;&#8212; Informations g\u00e9n\u00e9rales relatives au [&hellip;]\" \/>\n<meta property=\"og:url\" content=\"https:\/\/www.sacsaposter.fr\/index.php\/mentions-legales\/\" \/>\n<meta property=\"og:site_name\" content=\"SACS A POSTER\" \/>\n<meta property=\"article:modified_time\" content=\"2023-03-14T10:18:30+00:00\" \/>\n<meta name=\"twitter:card\" content=\"summary_large_image\" \/>\n<meta name=\"twitter:label1\" content=\"Dur\u00e9e de lecture estim\u00e9e\" \/>\n\t<meta name=\"twitter:data1\" content=\"3 minutes\" \/>\n<script type=\"application\/ld+json\" class=\"yoast-schema-graph\">{\"@context\":\"https:\/\/schema.org\",\"@graph\":[{\"@type\":\"WebPage\",\"@id\":\"https:\/\/www.sacsaposter.fr\/index.php\/mentions-legales\/\",\"url\":\"https:\/\/www.sacsaposter.fr\/index.php\/mentions-legales\/\",\"name\":\"Mentions l\u00e9gales - SACS A POSTER\",\"isPartOf\":{\"@id\":\"https:\/\/www.sacsaposter.fr\/#website\"},\"datePublished\":\"2022-10-20T06:45:09+00:00\",\"dateModified\":\"2023-03-14T10:18:30+00:00\",\"breadcrumb\":{\"@id\":\"https:\/\/www.sacsaposter.fr\/index.php\/mentions-legales\/#breadcrumb\"},\"inLanguage\":\"fr-FR\",\"potentialAction\":[{\"@type\":\"ReadAction\",\"target\":[\"https:\/\/www.sacsaposter.fr\/index.php\/mentions-legales\/\"]}]},{\"@type\":\"BreadcrumbList\",\"@id\":\"https:\/\/www.sacsaposter.fr\/index.php\/mentions-legales\/#breadcrumb\",\"itemListElement\":[{\"@type\":\"ListItem\",\"position\":1,\"name\":\"Accueil\",\"item\":\"https:\/\/www.sacsaposter.fr\/\"},{\"@type\":\"ListItem\",\"position\":2,\"name\":\"Mentions l\u00e9gales\"}]},{\"@type\":\"WebSite\",\"@id\":\"https:\/\/www.sacsaposter.fr\/#website\",\"url\":\"https:\/\/www.sacsaposter.fr\/\",\"name\":\"SACS A POSTER\",\"description\":\"Le sp\u00e9cialiste de l&#039;emballage E-commerce\",\"publisher\":{\"@id\":\"https:\/\/www.sacsaposter.fr\/#organization\"},\"potentialAction\":[{\"@type\":\"SearchAction\",\"target\":{\"@type\":\"EntryPoint\",\"urlTemplate\":\"https:\/\/www.sacsaposter.fr\/?s={search_term_string}\"},\"query-input\":{\"@type\":\"PropertyValueSpecification\",\"valueRequired\":true,\"valueName\":\"search_term_string\"}}],\"inLanguage\":\"fr-FR\"},{\"@type\":\"Organization\",\"@id\":\"https:\/\/www.sacsaposter.fr\/#organization\",\"name\":\"TENPAC\",\"url\":\"https:\/\/www.sacsaposter.fr\/\",\"logo\":{\"@type\":\"ImageObject\",\"inLanguage\":\"fr-FR\",\"@id\":\"https:\/\/www.sacsaposter.fr\/#\/schema\/logo\/image\/\",\"url\":\"https:\/\/madeleinezu.com\/wp-content\/uploads\/2021\/06\/logojpg.jpg\",\"contentUrl\":\"https:\/\/madeleinezu.com\/wp-content\/uploads\/2021\/06\/logojpg.jpg\",\"width\":156,\"height\":59,\"caption\":\"TENPAC\"},\"image\":{\"@id\":\"https:\/\/www.sacsaposter.fr\/#\/schema\/logo\/image\/\"}}]}<\/script>\n<!-- \/ Yoast SEO plugin. -->","yoast_head_json":{"title":"Mentions l\u00e9gales - SACS A POSTER","robots":{"index":"index","follow":"follow","max-snippet":"max-snippet:-1","max-image-preview":"max-image-preview:large","max-video-preview":"max-video-preview:-1"},"canonical":"https:\/\/www.sacsaposter.fr\/index.php\/mentions-legales\/","og_locale":"fr_FR","og_type":"article","og_title":"Mentions l\u00e9gales - SACS A POSTER","og_description":"MPNE est une entreprise commerciale immatricul\u00e9e aupr\u00e8s du registre du Commerce et des Soci\u00e9t\u00e9s de Rennes. &nbsp;Num\u00e9ro SIRET : 815 408 992 RCS Rennes TVA : FR90815408992 SARL MPNE &#8211; 4 rue des Nouettes &#8211; 35890 Bourg des Comptes &#8211; France\u00a0\u00a0 Informations relatives au site Respect des droits Donn\u00e9es nominatives &nbsp;&#8212;&#8212;&#8212;&#8212;&#8212;&#8212;&#8212;&#8212;&#8212;&#8212;&#8212;&#8212;&#8212;&#8212;&#8212;&#8212;&#8212;&#8212;&#8212;&#8212;&#8212;&#8212;&#8212;&#8212;&#8212;&#8212;&#8212;&#8212;&#8212;&#8212;&#8212;&#8212;&#8212;&#8212;&#8212;&#8212;&#8212;&#8212;&#8212;&#8212;&#8212;&#8212;&#8212;&#8212;&#8212;&#8212; Informations g\u00e9n\u00e9rales relatives au [&hellip;]","og_url":"https:\/\/www.sacsaposter.fr\/index.php\/mentions-legales\/","og_site_name":"SACS A POSTER","article_modified_time":"2023-03-14T10:18:30+00:00","twitter_card":"summary_large_image","twitter_misc":{"Dur\u00e9e de lecture estim\u00e9e":"3 minutes"},"schema":{"@context":"https:\/\/schema.org","@graph":[{"@type":"WebPage","@id":"https:\/\/www.sacsaposter.fr\/index.php\/mentions-legales\/","url":"https:\/\/www.sacsaposter.fr\/index.php\/mentions-legales\/","name":"Mentions l\u00e9gales - SACS A POSTER","isPartOf":{"@id":"https:\/\/www.sacsaposter.fr\/#website"},"datePublished":"2022-10-20T06:45:09+00:00","dateModified":"2023-03-14T10:18:30+00:00","breadcrumb":{"@id":"https:\/\/www.sacsaposter.fr\/index.php\/mentions-legales\/#breadcrumb"},"inLanguage":"fr-FR","potentialAction":[{"@type":"ReadAction","target":["https:\/\/www.sacsaposter.fr\/index.php\/mentions-legales\/"]}]},{"@type":"BreadcrumbList","@id":"https:\/\/www.sacsaposter.fr\/index.php\/mentions-legales\/#breadcrumb","itemListElement":[{"@type":"ListItem","position":1,"name":"Accueil","item":"https:\/\/www.sacsaposter.fr\/"},{"@type":"ListItem","position":2,"name":"Mentions l\u00e9gales"}]},{"@type":"WebSite","@id":"https:\/\/www.sacsaposter.fr\/#website","url":"https:\/\/www.sacsaposter.fr\/","name":"SACS A POSTER","description":"Le sp\u00e9cialiste de l&#039;emballage E-commerce","publisher":{"@id":"https:\/\/www.sacsaposter.fr\/#organization"},"potentialAction":[{"@type":"SearchAction","target":{"@type":"EntryPoint","urlTemplate":"https:\/\/www.sacsaposter.fr\/?s={search_term_string}"},"query-input":{"@type":"PropertyValueSpecification","valueRequired":true,"valueName":"search_term_string"}}],"inLanguage":"fr-FR"},{"@type":"Organization","@id":"https:\/\/www.sacsaposter.fr\/#organization","name":"TENPAC","url":"https:\/\/www.sacsaposter.fr\/","logo":{"@type":"ImageObject","inLanguage":"fr-FR","@id":"https:\/\/www.sacsaposter.fr\/#\/schema\/logo\/image\/","url":"https:\/\/madeleinezu.com\/wp-content\/uploads\/2021\/06\/logojpg.jpg","contentUrl":"https:\/\/madeleinezu.com\/wp-content\/uploads\/2021\/06\/logojpg.jpg","width":156,"height":59,"caption":"TENPAC"},"image":{"@id":"https:\/\/www.sacsaposter.fr\/#\/schema\/logo\/image\/"}}]}},"jetpack_sharing_enabled":true,"_links":{"self":[{"href":"https:\/\/www.sacsaposter.fr\/index.php\/wp-json\/wp\/v2\/pages\/3363","targetHints":{"allow":["GET"]}}],"collection":[{"href":"https:\/\/www.sacsaposter.fr\/index.php\/wp-json\/wp\/v2\/pages"}],"about":[{"href":"https:\/\/www.sacsaposter.fr\/index.php\/wp-json\/wp\/v2\/types\/page"}],"author":[{"embeddable":true,"href":"https:\/\/www.sacsaposter.fr\/index.php\/wp-json\/wp\/v2\/users\/1"}],"replies":[{"embeddable":true,"href":"https:\/\/www.sacsaposter.fr\/index.php\/wp-json\/wp\/v2\/comments?post=3363"}],"version-history":[{"count":2,"href":"https:\/\/www.sacsaposter.fr\/index.php\/wp-json\/wp\/v2\/pages\/3363\/revisions"}],"predecessor-version":[{"id":3552,"href":"https:\/\/www.sacsaposter.fr\/index.php\/wp-json\/wp\/v2\/pages\/3363\/revisions\/3552"}],"wp:attachment":[{"href":"https:\/\/www.sacsaposter.fr\/index.php\/wp-json\/wp\/v2\/media?parent=3363"}],"curies":[{"name":"wp","href":"https:\/\/api.w.org\/{rel}","templated":true}]}}