{"id":3000,"date":"2022-04-07T10:49:26","date_gmt":"2022-04-07T08:49:26","guid":{"rendered":"https:\/\/madeleinezu.com\/SAP2\/?post_type=product&#038;p=3000"},"modified":"2026-03-30T17:42:14","modified_gmt":"2026-03-30T15:42:14","slug":"sacs-blancs-ecolight-25x35cm-x100","status":"publish","type":"product","link":"https:\/\/www.sacsaposter.fr\/index.php\/produit\/sacs-blancs-ecolight-25x35cm-x100\/","title":{"rendered":"Sacs blancs Ecolight 25x35cm (x100)"},"content":{"rendered":"<h2>Plus l\u00e9gers que nos SACS A POSTER traditionnels, la gamme Ecolight est tout aussi r\u00e9sistante et offre un tarif all\u00e9g\u00e9 !<\/h2>\n<ul>\n<li>Enveloppes plastiques opaques en poly\u00e9thyl\u00e8ne.<\/li>\n<li>Quantit\u00e9 : lot de 100 pi\u00e8ces.<\/li>\n<li>Dimensions : 25 x 35 cm (+ rabat 4 cm).<\/li>\n<li>Contient au moins 20% de mati\u00e8res recycl\u00e9es.<\/li>\n<li>Epaisseur : 60 microns.<\/li>\n<li>Coloris : blanc.<\/li>\n<li>Fermeture facile par languette auto-adh\u00e9sive inviolable.<\/li>\n<li>Imperm\u00e9ables, ultra-r\u00e9sistants, opaques.<\/li>\n<li>Signal\u00e9tique Triman appos\u00e9e sur l&#8217;emballage (<a href=\"https:\/\/www.sacsaposter.fr\/index.php\/2023\/03\/16\/pourquoi-le-logo-triman-figure-sur-nos-sacs-a-poster\/\" target=\"_blank\" rel=\"noopener\">en savoir plus<\/a>)<\/li>\n<\/ul>\n","protected":false},"excerpt":{"rendered":"<p>Lot de 100 pi\u00e8ces<\/p>\n<p>Tarif HT<\/p>\n","protected":false},"featured_media":2989,"comment_status":"open","ping_status":"closed","template":"","meta":[],"product_brand":[],"product_cat":[83],"product_tag":[92,97,91],"class_list":{"0":"post-3000","1":"product","2":"type-product","3":"status-publish","4":"has-post-thumbnail","6":"product_cat-sacs-a-poster-ecolight","7":"product_tag-blanc","8":"product_tag-ecolight","9":"product_tag-sacs-a-poster","11":"first","12":"instock","13":"featured","14":"taxable","15":"shipping-taxable","16":"purchasable","17":"product-type-simple"},"yoast_head":"<!-- This site is optimized with the Yoast SEO plugin v26.7 - https:\/\/yoast.com\/wordpress\/plugins\/seo\/ -->\n<title>Sacs blancs Ecolight 25x35cm (x100) - SACS A POSTER<\/title>\n<meta name=\"description\" content=\"Enveloppes plastiques opaques ecolight. Quantit\u00e9 : lot de 100 pi\u00e8ces. Dimensions : 25 x 35 cm (+ rabat 4 cm).\" \/>\n<meta name=\"robots\" content=\"index, follow, max-snippet:-1, max-image-preview:large, max-video-preview:-1\" \/>\n<link rel=\"canonical\" href=\"https:\/\/www.sacsaposter.fr\/index.php\/produit\/sacs-blancs-ecolight-25x35cm-x100\/\" \/>\n<meta property=\"og:locale\" content=\"fr_FR\" \/>\n<meta property=\"og:type\" content=\"article\" \/>\n<meta property=\"og:title\" content=\"Sacs blancs Ecolight 25x35cm (x100) - SACS A POSTER\" \/>\n<meta property=\"og:description\" content=\"Enveloppes plastiques opaques ecolight. Quantit\u00e9 : lot de 100 pi\u00e8ces. Dimensions : 25 x 35 cm (+ rabat 4 cm).\" \/>\n<meta property=\"og:url\" content=\"https:\/\/www.sacsaposter.fr\/index.php\/produit\/sacs-blancs-ecolight-25x35cm-x100\/\" \/>\n<meta property=\"og:site_name\" content=\"SACS A POSTER\" \/>\n<meta property=\"article:modified_time\" content=\"2026-03-30T15:42:14+00:00\" \/>\n<meta property=\"og:image\" content=\"https:\/\/www.sacsaposter.fr\/wp-content\/uploads\/2022\/03\/poly_275x275.jpg\" \/>\n\t<meta property=\"og:image:width\" content=\"275\" \/>\n\t<meta property=\"og:image:height\" content=\"275\" \/>\n\t<meta property=\"og:image:type\" content=\"image\/jpeg\" \/>\n<meta name=\"twitter:card\" content=\"summary_large_image\" \/>\n<meta name=\"twitter:label1\" content=\"Dur\u00e9e de lecture estim\u00e9e\" \/>\n\t<meta name=\"twitter:data1\" content=\"1 minute\" \/>\n<script type=\"application\/ld+json\" class=\"yoast-schema-graph\">{\"@context\":\"https:\/\/schema.org\",\"@graph\":[{\"@type\":\"WebPage\",\"@id\":\"https:\/\/www.sacsaposter.fr\/index.php\/produit\/sacs-blancs-ecolight-25x35cm-x100\/\",\"url\":\"https:\/\/www.sacsaposter.fr\/index.php\/produit\/sacs-blancs-ecolight-25x35cm-x100\/\",\"name\":\"Sacs blancs Ecolight 25x35cm (x100) - SACS A POSTER\",\"isPartOf\":{\"@id\":\"https:\/\/www.sacsaposter.fr\/#website\"},\"primaryImageOfPage\":{\"@id\":\"https:\/\/www.sacsaposter.fr\/index.php\/produit\/sacs-blancs-ecolight-25x35cm-x100\/#primaryimage\"},\"image\":{\"@id\":\"https:\/\/www.sacsaposter.fr\/index.php\/produit\/sacs-blancs-ecolight-25x35cm-x100\/#primaryimage\"},\"thumbnailUrl\":\"https:\/\/www.sacsaposter.fr\/wp-content\/uploads\/2022\/03\/poly_275x275.jpg\",\"datePublished\":\"2022-04-07T08:49:26+00:00\",\"dateModified\":\"2026-03-30T15:42:14+00:00\",\"description\":\"Enveloppes plastiques opaques ecolight. Quantit\u00e9 : lot de 100 pi\u00e8ces. Dimensions : 25 x 35 cm (+ rabat 4 cm).\",\"breadcrumb\":{\"@id\":\"https:\/\/www.sacsaposter.fr\/index.php\/produit\/sacs-blancs-ecolight-25x35cm-x100\/#breadcrumb\"},\"inLanguage\":\"fr-FR\",\"potentialAction\":[{\"@type\":\"ReadAction\",\"target\":[\"https:\/\/www.sacsaposter.fr\/index.php\/produit\/sacs-blancs-ecolight-25x35cm-x100\/\"]}]},{\"@type\":\"ImageObject\",\"inLanguage\":\"fr-FR\",\"@id\":\"https:\/\/www.sacsaposter.fr\/index.php\/produit\/sacs-blancs-ecolight-25x35cm-x100\/#primaryimage\",\"url\":\"https:\/\/www.sacsaposter.fr\/wp-content\/uploads\/2022\/03\/poly_275x275.jpg\",\"contentUrl\":\"https:\/\/www.sacsaposter.fr\/wp-content\/uploads\/2022\/03\/poly_275x275.jpg\",\"width\":275,\"height\":275,\"caption\":\"Sacs \u00e0 poster \u00e9colight\"},{\"@type\":\"BreadcrumbList\",\"@id\":\"https:\/\/www.sacsaposter.fr\/index.php\/produit\/sacs-blancs-ecolight-25x35cm-x100\/#breadcrumb\",\"itemListElement\":[{\"@type\":\"ListItem\",\"position\":1,\"name\":\"Accueil\",\"item\":\"https:\/\/www.sacsaposter.fr\/\"},{\"@type\":\"ListItem\",\"position\":2,\"name\":\"Shop\",\"item\":\"https:\/\/www.sacsaposter.fr\/index.php\/shop\/\"},{\"@type\":\"ListItem\",\"position\":3,\"name\":\"Sacs blancs Ecolight 25x35cm (x100)\"}]},{\"@type\":\"WebSite\",\"@id\":\"https:\/\/www.sacsaposter.fr\/#website\",\"url\":\"https:\/\/www.sacsaposter.fr\/\",\"name\":\"SACS A POSTER\",\"description\":\"Le sp\u00e9cialiste de l&#039;emballage E-commerce\",\"publisher\":{\"@id\":\"https:\/\/www.sacsaposter.fr\/#organization\"},\"potentialAction\":[{\"@type\":\"SearchAction\",\"target\":{\"@type\":\"EntryPoint\",\"urlTemplate\":\"https:\/\/www.sacsaposter.fr\/?s={search_term_string}\"},\"query-input\":{\"@type\":\"PropertyValueSpecification\",\"valueRequired\":true,\"valueName\":\"search_term_string\"}}],\"inLanguage\":\"fr-FR\"},{\"@type\":\"Organization\",\"@id\":\"https:\/\/www.sacsaposter.fr\/#organization\",\"name\":\"TENPAC\",\"url\":\"https:\/\/www.sacsaposter.fr\/\",\"logo\":{\"@type\":\"ImageObject\",\"inLanguage\":\"fr-FR\",\"@id\":\"https:\/\/www.sacsaposter.fr\/#\/schema\/logo\/image\/\",\"url\":\"https:\/\/madeleinezu.com\/wp-content\/uploads\/2021\/06\/logojpg.jpg\",\"contentUrl\":\"https:\/\/madeleinezu.com\/wp-content\/uploads\/2021\/06\/logojpg.jpg\",\"width\":156,\"height\":59,\"caption\":\"TENPAC\"},\"image\":{\"@id\":\"https:\/\/www.sacsaposter.fr\/#\/schema\/logo\/image\/\"}}]}<\/script>\n<!-- \/ Yoast SEO plugin. -->","yoast_head_json":{"title":"Sacs blancs Ecolight 25x35cm (x100) - SACS A POSTER","description":"Enveloppes plastiques opaques ecolight. Quantit\u00e9 : lot de 100 pi\u00e8ces. Dimensions : 25 x 35 cm (+ rabat 4 cm).","robots":{"index":"index","follow":"follow","max-snippet":"max-snippet:-1","max-image-preview":"max-image-preview:large","max-video-preview":"max-video-preview:-1"},"canonical":"https:\/\/www.sacsaposter.fr\/index.php\/produit\/sacs-blancs-ecolight-25x35cm-x100\/","og_locale":"fr_FR","og_type":"article","og_title":"Sacs blancs Ecolight 25x35cm (x100) - SACS A POSTER","og_description":"Enveloppes plastiques opaques ecolight. Quantit\u00e9 : lot de 100 pi\u00e8ces. Dimensions : 25 x 35 cm (+ rabat 4 cm).","og_url":"https:\/\/www.sacsaposter.fr\/index.php\/produit\/sacs-blancs-ecolight-25x35cm-x100\/","og_site_name":"SACS A POSTER","article_modified_time":"2026-03-30T15:42:14+00:00","og_image":[{"width":275,"height":275,"url":"https:\/\/www.sacsaposter.fr\/wp-content\/uploads\/2022\/03\/poly_275x275.jpg","type":"image\/jpeg"}],"twitter_card":"summary_large_image","twitter_misc":{"Dur\u00e9e de lecture estim\u00e9e":"1 minute"},"schema":{"@context":"https:\/\/schema.org","@graph":[{"@type":"WebPage","@id":"https:\/\/www.sacsaposter.fr\/index.php\/produit\/sacs-blancs-ecolight-25x35cm-x100\/","url":"https:\/\/www.sacsaposter.fr\/index.php\/produit\/sacs-blancs-ecolight-25x35cm-x100\/","name":"Sacs blancs Ecolight 25x35cm (x100) - SACS A POSTER","isPartOf":{"@id":"https:\/\/www.sacsaposter.fr\/#website"},"primaryImageOfPage":{"@id":"https:\/\/www.sacsaposter.fr\/index.php\/produit\/sacs-blancs-ecolight-25x35cm-x100\/#primaryimage"},"image":{"@id":"https:\/\/www.sacsaposter.fr\/index.php\/produit\/sacs-blancs-ecolight-25x35cm-x100\/#primaryimage"},"thumbnailUrl":"https:\/\/www.sacsaposter.fr\/wp-content\/uploads\/2022\/03\/poly_275x275.jpg","datePublished":"2022-04-07T08:49:26+00:00","dateModified":"2026-03-30T15:42:14+00:00","description":"Enveloppes plastiques opaques ecolight. Quantit\u00e9 : lot de 100 pi\u00e8ces. Dimensions : 25 x 35 cm (+ rabat 4 cm).","breadcrumb":{"@id":"https:\/\/www.sacsaposter.fr\/index.php\/produit\/sacs-blancs-ecolight-25x35cm-x100\/#breadcrumb"},"inLanguage":"fr-FR","potentialAction":[{"@type":"ReadAction","target":["https:\/\/www.sacsaposter.fr\/index.php\/produit\/sacs-blancs-ecolight-25x35cm-x100\/"]}]},{"@type":"ImageObject","inLanguage":"fr-FR","@id":"https:\/\/www.sacsaposter.fr\/index.php\/produit\/sacs-blancs-ecolight-25x35cm-x100\/#primaryimage","url":"https:\/\/www.sacsaposter.fr\/wp-content\/uploads\/2022\/03\/poly_275x275.jpg","contentUrl":"https:\/\/www.sacsaposter.fr\/wp-content\/uploads\/2022\/03\/poly_275x275.jpg","width":275,"height":275,"caption":"Sacs \u00e0 poster \u00e9colight"},{"@type":"BreadcrumbList","@id":"https:\/\/www.sacsaposter.fr\/index.php\/produit\/sacs-blancs-ecolight-25x35cm-x100\/#breadcrumb","itemListElement":[{"@type":"ListItem","position":1,"name":"Accueil","item":"https:\/\/www.sacsaposter.fr\/"},{"@type":"ListItem","position":2,"name":"Shop","item":"https:\/\/www.sacsaposter.fr\/index.php\/shop\/"},{"@type":"ListItem","position":3,"name":"Sacs blancs Ecolight 25x35cm (x100)"}]},{"@type":"WebSite","@id":"https:\/\/www.sacsaposter.fr\/#website","url":"https:\/\/www.sacsaposter.fr\/","name":"SACS A POSTER","description":"Le sp\u00e9cialiste de l&#039;emballage E-commerce","publisher":{"@id":"https:\/\/www.sacsaposter.fr\/#organization"},"potentialAction":[{"@type":"SearchAction","target":{"@type":"EntryPoint","urlTemplate":"https:\/\/www.sacsaposter.fr\/?s={search_term_string}"},"query-input":{"@type":"PropertyValueSpecification","valueRequired":true,"valueName":"search_term_string"}}],"inLanguage":"fr-FR"},{"@type":"Organization","@id":"https:\/\/www.sacsaposter.fr\/#organization","name":"TENPAC","url":"https:\/\/www.sacsaposter.fr\/","logo":{"@type":"ImageObject","inLanguage":"fr-FR","@id":"https:\/\/www.sacsaposter.fr\/#\/schema\/logo\/image\/","url":"https:\/\/madeleinezu.com\/wp-content\/uploads\/2021\/06\/logojpg.jpg","contentUrl":"https:\/\/madeleinezu.com\/wp-content\/uploads\/2021\/06\/logojpg.jpg","width":156,"height":59,"caption":"TENPAC"},"image":{"@id":"https:\/\/www.sacsaposter.fr\/#\/schema\/logo\/image\/"}}]}},"jetpack_sharing_enabled":true,"tiered_pricing_type":"fixed","tiered_pricing_fixed_rules":{"5":9.05,"10":8.65,"50":8.4},"tiered_pricing_product_settings":{"layout":"default","base_unit_name":{"singular":null,"plural":null},"default_variation":null},"tiered_pricing_minimum_quantity":null,"tiered_pricing_roles_data":[],"tiered_pricing_percentage_rules":[],"_links":{"self":[{"href":"https:\/\/www.sacsaposter.fr\/index.php\/wp-json\/wp\/v2\/product\/3000","targetHints":{"allow":["GET"]}}],"collection":[{"href":"https:\/\/www.sacsaposter.fr\/index.php\/wp-json\/wp\/v2\/product"}],"about":[{"href":"https:\/\/www.sacsaposter.fr\/index.php\/wp-json\/wp\/v2\/types\/product"}],"replies":[{"embeddable":true,"href":"https:\/\/www.sacsaposter.fr\/index.php\/wp-json\/wp\/v2\/comments?post=3000"}],"wp:featuredmedia":[{"embeddable":true,"href":"https:\/\/www.sacsaposter.fr\/index.php\/wp-json\/wp\/v2\/media\/2989"}],"wp:attachment":[{"href":"https:\/\/www.sacsaposter.fr\/index.php\/wp-json\/wp\/v2\/media?parent=3000"}],"wp:term":[{"taxonomy":"product_brand","embeddable":true,"href":"https:\/\/www.sacsaposter.fr\/index.php\/wp-json\/wp\/v2\/product_brand?post=3000"},{"taxonomy":"product_cat","embeddable":true,"href":"https:\/\/www.sacsaposter.fr\/index.php\/wp-json\/wp\/v2\/product_cat?post=3000"},{"taxonomy":"product_tag","embeddable":true,"href":"https:\/\/www.sacsaposter.fr\/index.php\/wp-json\/wp\/v2\/product_tag?post=3000"}],"curies":[{"name":"wp","href":"https:\/\/api.w.org\/{rel}","templated":true}]}}