{"id":3012,"date":"2022-04-08T12:38:04","date_gmt":"2022-04-08T10:38:04","guid":{"rendered":"https:\/\/madeleinezu.com\/SAP2\/?post_type=product&#038;p=3012"},"modified":"2024-03-26T14:26:19","modified_gmt":"2024-03-26T13:26:19","slug":"pochettes-documents-inclus-225x122-mm-x100","status":"publish","type":"product","link":"https:\/\/www.sacsaposter.fr\/index.php\/produit\/pochettes-documents-inclus-225x122-mm-x100\/","title":{"rendered":"225x122mm Pochettes \u00ab\u00a0documents inclus\u00a0\u00bb (x100)"},"content":{"rendered":"<p>Pochettes autocollantes pour ins\u00e9rer vos documents \u00e0 l&rsquo;ext\u00e9rieur de votre colis.<\/p>\n<ul>\n<li>Quantit\u00e9 : colis de 100 pi\u00e8ces.<\/li>\n<li>Format utile (int\u00e9rieur) : 225 x 122 mm.<\/li>\n<li>Format total (ext\u00e9rieur) : 232 x 129 mm.<\/li>\n<li>(feuille A4 pli\u00e9e en 3).<\/li>\n<li>Epaisseur : 60 microns.<\/li>\n<li>Coloris : blanc, inscriptions rouges et noires. Inscription \u00ab\u00a0Documents inclus\u00a0\u00bb.<\/li>\n<li>Auto-adh\u00e9sive.<\/li>\n<li>Imperm\u00e9able.<\/li>\n<\/ul>\n","protected":false},"excerpt":{"rendered":"<p>Lot de 100 pi\u00e8ces<\/p>\n<p>Tarif HT<\/p>\n","protected":false},"featured_media":2986,"comment_status":"open","ping_status":"closed","template":"","meta":[],"product_brand":[],"product_cat":[86],"product_tag":[95,96],"class_list":{"0":"post-3012","1":"product","2":"type-product","3":"status-publish","4":"has-post-thumbnail","6":"product_cat-pochettes-documents","7":"product_tag-documents-inclus","8":"product_tag-pochettes-documents","10":"first","11":"instock","12":"taxable","13":"shipping-taxable","14":"purchasable","15":"product-type-simple"},"yoast_head":"<!-- This site is optimized with the Yoast SEO plugin v26.7 - https:\/\/yoast.com\/wordpress\/plugins\/seo\/ -->\n<title>225x122mm Pochettes &quot;documents inclus&quot; (x100) - SACS A POSTER<\/title>\n<meta name=\"description\" content=\"Pochettes autocollantes pour ins\u00e9rer vos documents \u00e0 l&#039;ext\u00e9rieur de votre colis. Haute qualit\u00e9, imperm\u00e9ables et r\u00e9sistantes.\" \/>\n<meta name=\"robots\" content=\"index, follow, max-snippet:-1, max-image-preview:large, max-video-preview:-1\" \/>\n<link rel=\"canonical\" href=\"https:\/\/www.sacsaposter.fr\/index.php\/produit\/pochettes-documents-inclus-225x122-mm-x100\/\" \/>\n<meta property=\"og:locale\" content=\"fr_FR\" \/>\n<meta property=\"og:type\" content=\"article\" \/>\n<meta property=\"og:title\" content=\"225x122mm Pochettes &quot;documents inclus&quot; (x100) - SACS A POSTER\" \/>\n<meta property=\"og:description\" content=\"Pochettes autocollantes pour ins\u00e9rer vos documents \u00e0 l&#039;ext\u00e9rieur de votre colis. Haute qualit\u00e9, imperm\u00e9ables et r\u00e9sistantes.\" \/>\n<meta property=\"og:url\" content=\"https:\/\/www.sacsaposter.fr\/index.php\/produit\/pochettes-documents-inclus-225x122-mm-x100\/\" \/>\n<meta property=\"og:site_name\" content=\"SACS A POSTER\" \/>\n<meta property=\"article:modified_time\" content=\"2024-03-26T13:26:19+00:00\" \/>\n<meta property=\"og:image\" content=\"https:\/\/www.sacsaposter.fr\/wp-content\/uploads\/2022\/03\/pocdoc1_275x275.jpg\" \/>\n\t<meta property=\"og:image:width\" content=\"275\" \/>\n\t<meta property=\"og:image:height\" content=\"275\" \/>\n\t<meta property=\"og:image:type\" content=\"image\/jpeg\" \/>\n<meta name=\"twitter:card\" content=\"summary_large_image\" \/>\n<meta name=\"twitter:label1\" content=\"Dur\u00e9e de lecture estim\u00e9e\" \/>\n\t<meta name=\"twitter:data1\" content=\"1 minute\" \/>\n<script type=\"application\/ld+json\" class=\"yoast-schema-graph\">{\"@context\":\"https:\/\/schema.org\",\"@graph\":[{\"@type\":\"WebPage\",\"@id\":\"https:\/\/www.sacsaposter.fr\/index.php\/produit\/pochettes-documents-inclus-225x122-mm-x100\/\",\"url\":\"https:\/\/www.sacsaposter.fr\/index.php\/produit\/pochettes-documents-inclus-225x122-mm-x100\/\",\"name\":\"225x122mm Pochettes \\\"documents inclus\\\" (x100) - SACS A POSTER\",\"isPartOf\":{\"@id\":\"https:\/\/www.sacsaposter.fr\/#website\"},\"primaryImageOfPage\":{\"@id\":\"https:\/\/www.sacsaposter.fr\/index.php\/produit\/pochettes-documents-inclus-225x122-mm-x100\/#primaryimage\"},\"image\":{\"@id\":\"https:\/\/www.sacsaposter.fr\/index.php\/produit\/pochettes-documents-inclus-225x122-mm-x100\/#primaryimage\"},\"thumbnailUrl\":\"https:\/\/www.sacsaposter.fr\/wp-content\/uploads\/2022\/03\/pocdoc1_275x275.jpg\",\"datePublished\":\"2022-04-08T10:38:04+00:00\",\"dateModified\":\"2024-03-26T13:26:19+00:00\",\"description\":\"Pochettes autocollantes pour ins\u00e9rer vos documents \u00e0 l'ext\u00e9rieur de votre colis. Haute qualit\u00e9, imperm\u00e9ables et r\u00e9sistantes.\",\"breadcrumb\":{\"@id\":\"https:\/\/www.sacsaposter.fr\/index.php\/produit\/pochettes-documents-inclus-225x122-mm-x100\/#breadcrumb\"},\"inLanguage\":\"fr-FR\",\"potentialAction\":[{\"@type\":\"ReadAction\",\"target\":[\"https:\/\/www.sacsaposter.fr\/index.php\/produit\/pochettes-documents-inclus-225x122-mm-x100\/\"]}]},{\"@type\":\"ImageObject\",\"inLanguage\":\"fr-FR\",\"@id\":\"https:\/\/www.sacsaposter.fr\/index.php\/produit\/pochettes-documents-inclus-225x122-mm-x100\/#primaryimage\",\"url\":\"https:\/\/www.sacsaposter.fr\/wp-content\/uploads\/2022\/03\/pocdoc1_275x275.jpg\",\"contentUrl\":\"https:\/\/www.sacsaposter.fr\/wp-content\/uploads\/2022\/03\/pocdoc1_275x275.jpg\",\"width\":275,\"height\":275,\"caption\":\"Pochettes documents inclus\"},{\"@type\":\"BreadcrumbList\",\"@id\":\"https:\/\/www.sacsaposter.fr\/index.php\/produit\/pochettes-documents-inclus-225x122-mm-x100\/#breadcrumb\",\"itemListElement\":[{\"@type\":\"ListItem\",\"position\":1,\"name\":\"Accueil\",\"item\":\"https:\/\/www.sacsaposter.fr\/\"},{\"@type\":\"ListItem\",\"position\":2,\"name\":\"Shop\",\"item\":\"https:\/\/www.sacsaposter.fr\/index.php\/shop\/\"},{\"@type\":\"ListItem\",\"position\":3,\"name\":\"225x122mm Pochettes \u00ab\u00a0documents inclus\u00a0\u00bb (x100)\"}]},{\"@type\":\"WebSite\",\"@id\":\"https:\/\/www.sacsaposter.fr\/#website\",\"url\":\"https:\/\/www.sacsaposter.fr\/\",\"name\":\"SACS A POSTER\",\"description\":\"Le sp\u00e9cialiste de l&#039;emballage E-commerce\",\"publisher\":{\"@id\":\"https:\/\/www.sacsaposter.fr\/#organization\"},\"potentialAction\":[{\"@type\":\"SearchAction\",\"target\":{\"@type\":\"EntryPoint\",\"urlTemplate\":\"https:\/\/www.sacsaposter.fr\/?s={search_term_string}\"},\"query-input\":{\"@type\":\"PropertyValueSpecification\",\"valueRequired\":true,\"valueName\":\"search_term_string\"}}],\"inLanguage\":\"fr-FR\"},{\"@type\":\"Organization\",\"@id\":\"https:\/\/www.sacsaposter.fr\/#organization\",\"name\":\"TENPAC\",\"url\":\"https:\/\/www.sacsaposter.fr\/\",\"logo\":{\"@type\":\"ImageObject\",\"inLanguage\":\"fr-FR\",\"@id\":\"https:\/\/www.sacsaposter.fr\/#\/schema\/logo\/image\/\",\"url\":\"https:\/\/madeleinezu.com\/wp-content\/uploads\/2021\/06\/logojpg.jpg\",\"contentUrl\":\"https:\/\/madeleinezu.com\/wp-content\/uploads\/2021\/06\/logojpg.jpg\",\"width\":156,\"height\":59,\"caption\":\"TENPAC\"},\"image\":{\"@id\":\"https:\/\/www.sacsaposter.fr\/#\/schema\/logo\/image\/\"}}]}<\/script>\n<!-- \/ Yoast SEO plugin. -->","yoast_head_json":{"title":"225x122mm Pochettes \"documents inclus\" (x100) - SACS A POSTER","description":"Pochettes autocollantes pour ins\u00e9rer vos documents \u00e0 l'ext\u00e9rieur de votre colis. Haute qualit\u00e9, imperm\u00e9ables et r\u00e9sistantes.","robots":{"index":"index","follow":"follow","max-snippet":"max-snippet:-1","max-image-preview":"max-image-preview:large","max-video-preview":"max-video-preview:-1"},"canonical":"https:\/\/www.sacsaposter.fr\/index.php\/produit\/pochettes-documents-inclus-225x122-mm-x100\/","og_locale":"fr_FR","og_type":"article","og_title":"225x122mm Pochettes \"documents inclus\" (x100) - SACS A POSTER","og_description":"Pochettes autocollantes pour ins\u00e9rer vos documents \u00e0 l'ext\u00e9rieur de votre colis. Haute qualit\u00e9, imperm\u00e9ables et r\u00e9sistantes.","og_url":"https:\/\/www.sacsaposter.fr\/index.php\/produit\/pochettes-documents-inclus-225x122-mm-x100\/","og_site_name":"SACS A POSTER","article_modified_time":"2024-03-26T13:26:19+00:00","og_image":[{"width":275,"height":275,"url":"https:\/\/www.sacsaposter.fr\/wp-content\/uploads\/2022\/03\/pocdoc1_275x275.jpg","type":"image\/jpeg"}],"twitter_card":"summary_large_image","twitter_misc":{"Dur\u00e9e de lecture estim\u00e9e":"1 minute"},"schema":{"@context":"https:\/\/schema.org","@graph":[{"@type":"WebPage","@id":"https:\/\/www.sacsaposter.fr\/index.php\/produit\/pochettes-documents-inclus-225x122-mm-x100\/","url":"https:\/\/www.sacsaposter.fr\/index.php\/produit\/pochettes-documents-inclus-225x122-mm-x100\/","name":"225x122mm Pochettes \"documents inclus\" (x100) - SACS A POSTER","isPartOf":{"@id":"https:\/\/www.sacsaposter.fr\/#website"},"primaryImageOfPage":{"@id":"https:\/\/www.sacsaposter.fr\/index.php\/produit\/pochettes-documents-inclus-225x122-mm-x100\/#primaryimage"},"image":{"@id":"https:\/\/www.sacsaposter.fr\/index.php\/produit\/pochettes-documents-inclus-225x122-mm-x100\/#primaryimage"},"thumbnailUrl":"https:\/\/www.sacsaposter.fr\/wp-content\/uploads\/2022\/03\/pocdoc1_275x275.jpg","datePublished":"2022-04-08T10:38:04+00:00","dateModified":"2024-03-26T13:26:19+00:00","description":"Pochettes autocollantes pour ins\u00e9rer vos documents \u00e0 l'ext\u00e9rieur de votre colis. Haute qualit\u00e9, imperm\u00e9ables et r\u00e9sistantes.","breadcrumb":{"@id":"https:\/\/www.sacsaposter.fr\/index.php\/produit\/pochettes-documents-inclus-225x122-mm-x100\/#breadcrumb"},"inLanguage":"fr-FR","potentialAction":[{"@type":"ReadAction","target":["https:\/\/www.sacsaposter.fr\/index.php\/produit\/pochettes-documents-inclus-225x122-mm-x100\/"]}]},{"@type":"ImageObject","inLanguage":"fr-FR","@id":"https:\/\/www.sacsaposter.fr\/index.php\/produit\/pochettes-documents-inclus-225x122-mm-x100\/#primaryimage","url":"https:\/\/www.sacsaposter.fr\/wp-content\/uploads\/2022\/03\/pocdoc1_275x275.jpg","contentUrl":"https:\/\/www.sacsaposter.fr\/wp-content\/uploads\/2022\/03\/pocdoc1_275x275.jpg","width":275,"height":275,"caption":"Pochettes documents inclus"},{"@type":"BreadcrumbList","@id":"https:\/\/www.sacsaposter.fr\/index.php\/produit\/pochettes-documents-inclus-225x122-mm-x100\/#breadcrumb","itemListElement":[{"@type":"ListItem","position":1,"name":"Accueil","item":"https:\/\/www.sacsaposter.fr\/"},{"@type":"ListItem","position":2,"name":"Shop","item":"https:\/\/www.sacsaposter.fr\/index.php\/shop\/"},{"@type":"ListItem","position":3,"name":"225x122mm Pochettes \u00ab\u00a0documents inclus\u00a0\u00bb (x100)"}]},{"@type":"WebSite","@id":"https:\/\/www.sacsaposter.fr\/#website","url":"https:\/\/www.sacsaposter.fr\/","name":"SACS A POSTER","description":"Le sp\u00e9cialiste de l&#039;emballage E-commerce","publisher":{"@id":"https:\/\/www.sacsaposter.fr\/#organization"},"potentialAction":[{"@type":"SearchAction","target":{"@type":"EntryPoint","urlTemplate":"https:\/\/www.sacsaposter.fr\/?s={search_term_string}"},"query-input":{"@type":"PropertyValueSpecification","valueRequired":true,"valueName":"search_term_string"}}],"inLanguage":"fr-FR"},{"@type":"Organization","@id":"https:\/\/www.sacsaposter.fr\/#organization","name":"TENPAC","url":"https:\/\/www.sacsaposter.fr\/","logo":{"@type":"ImageObject","inLanguage":"fr-FR","@id":"https:\/\/www.sacsaposter.fr\/#\/schema\/logo\/image\/","url":"https:\/\/madeleinezu.com\/wp-content\/uploads\/2021\/06\/logojpg.jpg","contentUrl":"https:\/\/madeleinezu.com\/wp-content\/uploads\/2021\/06\/logojpg.jpg","width":156,"height":59,"caption":"TENPAC"},"image":{"@id":"https:\/\/www.sacsaposter.fr\/#\/schema\/logo\/image\/"}}]}},"jetpack_sharing_enabled":true,"tiered_pricing_type":"fixed","tiered_pricing_fixed_rules":{"5":5.45,"10":5.1},"tiered_pricing_product_settings":{"layout":"default","base_unit_name":{"singular":null,"plural":null},"default_variation":null},"tiered_pricing_minimum_quantity":null,"tiered_pricing_roles_data":[],"tiered_pricing_percentage_rules":[],"_links":{"self":[{"href":"https:\/\/www.sacsaposter.fr\/index.php\/wp-json\/wp\/v2\/product\/3012","targetHints":{"allow":["GET"]}}],"collection":[{"href":"https:\/\/www.sacsaposter.fr\/index.php\/wp-json\/wp\/v2\/product"}],"about":[{"href":"https:\/\/www.sacsaposter.fr\/index.php\/wp-json\/wp\/v2\/types\/product"}],"replies":[{"embeddable":true,"href":"https:\/\/www.sacsaposter.fr\/index.php\/wp-json\/wp\/v2\/comments?post=3012"}],"wp:featuredmedia":[{"embeddable":true,"href":"https:\/\/www.sacsaposter.fr\/index.php\/wp-json\/wp\/v2\/media\/2986"}],"wp:attachment":[{"href":"https:\/\/www.sacsaposter.fr\/index.php\/wp-json\/wp\/v2\/media?parent=3012"}],"wp:term":[{"taxonomy":"product_brand","embeddable":true,"href":"https:\/\/www.sacsaposter.fr\/index.php\/wp-json\/wp\/v2\/product_brand?post=3012"},{"taxonomy":"product_cat","embeddable":true,"href":"https:\/\/www.sacsaposter.fr\/index.php\/wp-json\/wp\/v2\/product_cat?post=3012"},{"taxonomy":"product_tag","embeddable":true,"href":"https:\/\/www.sacsaposter.fr\/index.php\/wp-json\/wp\/v2\/product_tag?post=3012"}],"curies":[{"name":"wp","href":"https:\/\/api.w.org\/{rel}","templated":true}]}}