{"id":3017,"date":"2022-04-08T16:13:27","date_gmt":"2022-04-08T14:13:27","guid":{"rendered":"https:\/\/madeleinezu.com\/SAP2\/?post_type=product&#038;p=3017"},"modified":"2026-04-02T11:32:12","modified_gmt":"2026-04-02T09:32:12","slug":"rouleau-scotch-brun-48mm-x-66m-x6","status":"publish","type":"product","link":"https:\/\/www.sacsaposter.fr\/index.php\/produit\/rouleau-scotch-brun-48mm-x-66m-x6\/","title":{"rendered":"Rouleaux scotch brun 48mm x 66m (x6)"},"content":{"rendered":"<ul>\n<li>Ruban adh\u00e9sif brun en polypropyl\u00e8ne.<\/li>\n<li>Quantit\u00e9 : colis de 6 rouleaux.<\/li>\n<li>Dimensions : 48mm de large x 66m de long.<\/li>\n<li>Epaisseur : 25 microns.<\/li>\n<li>Coloris : brun.<\/li>\n<li>Adh\u00e9sif fort \u00e0 prise rapide. Plastique r\u00e9sistant. D\u00e9roulement rapide.<\/li>\n<li>Id\u00e9al pour tous types d&rsquo;usage : professionnel et domestique.<\/li>\n<\/ul>\n","protected":false},"excerpt":{"rendered":"<p>Lot de 6 pi\u00e8ces<\/p>\n<p>Tarif HT<\/p>\n","protected":false},"featured_media":3066,"comment_status":"open","ping_status":"closed","template":"","meta":[],"product_brand":[],"product_cat":[88],"product_tag":[103,102,104],"class_list":{"0":"post-3017","1":"product","2":"type-product","3":"status-publish","4":"has-post-thumbnail","6":"product_cat-rubans-adhesifs","7":"product_tag-adhesif","8":"product_tag-brun","9":"product_tag-scotch","11":"first","12":"instock","13":"taxable","14":"shipping-taxable","15":"purchasable","16":"product-type-simple"},"yoast_head":"<!-- This site is optimized with the Yoast SEO plugin v26.7 - https:\/\/yoast.com\/wordpress\/plugins\/seo\/ -->\n<title>Rouleaux scotch brun 48mm x 66m (x6) - SACS A POSTER<\/title>\n<meta name=\"description\" content=\"Boutique d&#039;emballages e-commerce en ligne. D\u00e9couvrez toute la gamme. Envoi rapide et s\u00e9curis\u00e9. Marque fran\u00e7aise.\" \/>\n<meta name=\"robots\" content=\"index, follow, max-snippet:-1, max-image-preview:large, max-video-preview:-1\" \/>\n<link rel=\"canonical\" href=\"https:\/\/www.sacsaposter.fr\/index.php\/produit\/rouleau-scotch-brun-48mm-x-66m-x6\/\" \/>\n<meta property=\"og:locale\" content=\"fr_FR\" \/>\n<meta property=\"og:type\" content=\"article\" \/>\n<meta property=\"og:title\" content=\"Rouleaux scotch brun 48mm x 66m (x6) - SACS A POSTER\" \/>\n<meta property=\"og:description\" content=\"Boutique d&#039;emballages e-commerce en ligne. D\u00e9couvrez toute la gamme. Envoi rapide et s\u00e9curis\u00e9. Marque fran\u00e7aise.\" \/>\n<meta property=\"og:url\" content=\"https:\/\/www.sacsaposter.fr\/index.php\/produit\/rouleau-scotch-brun-48mm-x-66m-x6\/\" \/>\n<meta property=\"og:site_name\" content=\"SACS A POSTER\" \/>\n<meta property=\"article:modified_time\" content=\"2026-04-02T09:32:12+00:00\" \/>\n<meta property=\"og:image\" content=\"https:\/\/www.sacsaposter.fr\/wp-content\/uploads\/2022\/04\/brown2.jpg\" \/>\n\t<meta property=\"og:image:width\" content=\"223\" \/>\n\t<meta property=\"og:image:height\" content=\"226\" \/>\n\t<meta property=\"og:image:type\" content=\"image\/jpeg\" \/>\n<meta name=\"twitter:card\" content=\"summary_large_image\" \/>\n<meta name=\"twitter:label1\" content=\"Dur\u00e9e de lecture estim\u00e9e\" \/>\n\t<meta name=\"twitter:data1\" content=\"1 minute\" \/>\n<script type=\"application\/ld+json\" class=\"yoast-schema-graph\">{\"@context\":\"https:\/\/schema.org\",\"@graph\":[{\"@type\":\"WebPage\",\"@id\":\"https:\/\/www.sacsaposter.fr\/index.php\/produit\/rouleau-scotch-brun-48mm-x-66m-x6\/\",\"url\":\"https:\/\/www.sacsaposter.fr\/index.php\/produit\/rouleau-scotch-brun-48mm-x-66m-x6\/\",\"name\":\"Rouleaux scotch brun 48mm x 66m (x6) - SACS A POSTER\",\"isPartOf\":{\"@id\":\"https:\/\/www.sacsaposter.fr\/#website\"},\"primaryImageOfPage\":{\"@id\":\"https:\/\/www.sacsaposter.fr\/index.php\/produit\/rouleau-scotch-brun-48mm-x-66m-x6\/#primaryimage\"},\"image\":{\"@id\":\"https:\/\/www.sacsaposter.fr\/index.php\/produit\/rouleau-scotch-brun-48mm-x-66m-x6\/#primaryimage\"},\"thumbnailUrl\":\"https:\/\/www.sacsaposter.fr\/wp-content\/uploads\/2022\/04\/brown2.jpg\",\"datePublished\":\"2022-04-08T14:13:27+00:00\",\"dateModified\":\"2026-04-02T09:32:12+00:00\",\"description\":\"Boutique d'emballages e-commerce en ligne. D\u00e9couvrez toute la gamme. Envoi rapide et s\u00e9curis\u00e9. Marque fran\u00e7aise.\",\"breadcrumb\":{\"@id\":\"https:\/\/www.sacsaposter.fr\/index.php\/produit\/rouleau-scotch-brun-48mm-x-66m-x6\/#breadcrumb\"},\"inLanguage\":\"fr-FR\",\"potentialAction\":[{\"@type\":\"ReadAction\",\"target\":[\"https:\/\/www.sacsaposter.fr\/index.php\/produit\/rouleau-scotch-brun-48mm-x-66m-x6\/\"]}]},{\"@type\":\"ImageObject\",\"inLanguage\":\"fr-FR\",\"@id\":\"https:\/\/www.sacsaposter.fr\/index.php\/produit\/rouleau-scotch-brun-48mm-x-66m-x6\/#primaryimage\",\"url\":\"https:\/\/www.sacsaposter.fr\/wp-content\/uploads\/2022\/04\/brown2.jpg\",\"contentUrl\":\"https:\/\/www.sacsaposter.fr\/wp-content\/uploads\/2022\/04\/brown2.jpg\",\"width\":223,\"height\":226,\"caption\":\"Scotch brun\"},{\"@type\":\"BreadcrumbList\",\"@id\":\"https:\/\/www.sacsaposter.fr\/index.php\/produit\/rouleau-scotch-brun-48mm-x-66m-x6\/#breadcrumb\",\"itemListElement\":[{\"@type\":\"ListItem\",\"position\":1,\"name\":\"Accueil\",\"item\":\"https:\/\/www.sacsaposter.fr\/\"},{\"@type\":\"ListItem\",\"position\":2,\"name\":\"Shop\",\"item\":\"https:\/\/www.sacsaposter.fr\/index.php\/shop\/\"},{\"@type\":\"ListItem\",\"position\":3,\"name\":\"Rouleaux scotch brun 48mm x 66m (x6)\"}]},{\"@type\":\"WebSite\",\"@id\":\"https:\/\/www.sacsaposter.fr\/#website\",\"url\":\"https:\/\/www.sacsaposter.fr\/\",\"name\":\"SACS A POSTER\",\"description\":\"Le sp\u00e9cialiste de l&#039;emballage E-commerce\",\"publisher\":{\"@id\":\"https:\/\/www.sacsaposter.fr\/#organization\"},\"potentialAction\":[{\"@type\":\"SearchAction\",\"target\":{\"@type\":\"EntryPoint\",\"urlTemplate\":\"https:\/\/www.sacsaposter.fr\/?s={search_term_string}\"},\"query-input\":{\"@type\":\"PropertyValueSpecification\",\"valueRequired\":true,\"valueName\":\"search_term_string\"}}],\"inLanguage\":\"fr-FR\"},{\"@type\":\"Organization\",\"@id\":\"https:\/\/www.sacsaposter.fr\/#organization\",\"name\":\"TENPAC\",\"url\":\"https:\/\/www.sacsaposter.fr\/\",\"logo\":{\"@type\":\"ImageObject\",\"inLanguage\":\"fr-FR\",\"@id\":\"https:\/\/www.sacsaposter.fr\/#\/schema\/logo\/image\/\",\"url\":\"https:\/\/madeleinezu.com\/wp-content\/uploads\/2021\/06\/logojpg.jpg\",\"contentUrl\":\"https:\/\/madeleinezu.com\/wp-content\/uploads\/2021\/06\/logojpg.jpg\",\"width\":156,\"height\":59,\"caption\":\"TENPAC\"},\"image\":{\"@id\":\"https:\/\/www.sacsaposter.fr\/#\/schema\/logo\/image\/\"}}]}<\/script>\n<!-- \/ Yoast SEO plugin. -->","yoast_head_json":{"title":"Rouleaux scotch brun 48mm x 66m (x6) - SACS A POSTER","description":"Boutique d'emballages e-commerce en ligne. D\u00e9couvrez toute la gamme. Envoi rapide et s\u00e9curis\u00e9. Marque fran\u00e7aise.","robots":{"index":"index","follow":"follow","max-snippet":"max-snippet:-1","max-image-preview":"max-image-preview:large","max-video-preview":"max-video-preview:-1"},"canonical":"https:\/\/www.sacsaposter.fr\/index.php\/produit\/rouleau-scotch-brun-48mm-x-66m-x6\/","og_locale":"fr_FR","og_type":"article","og_title":"Rouleaux scotch brun 48mm x 66m (x6) - SACS A POSTER","og_description":"Boutique d'emballages e-commerce en ligne. D\u00e9couvrez toute la gamme. Envoi rapide et s\u00e9curis\u00e9. Marque fran\u00e7aise.","og_url":"https:\/\/www.sacsaposter.fr\/index.php\/produit\/rouleau-scotch-brun-48mm-x-66m-x6\/","og_site_name":"SACS A POSTER","article_modified_time":"2026-04-02T09:32:12+00:00","og_image":[{"width":223,"height":226,"url":"https:\/\/www.sacsaposter.fr\/wp-content\/uploads\/2022\/04\/brown2.jpg","type":"image\/jpeg"}],"twitter_card":"summary_large_image","twitter_misc":{"Dur\u00e9e de lecture estim\u00e9e":"1 minute"},"schema":{"@context":"https:\/\/schema.org","@graph":[{"@type":"WebPage","@id":"https:\/\/www.sacsaposter.fr\/index.php\/produit\/rouleau-scotch-brun-48mm-x-66m-x6\/","url":"https:\/\/www.sacsaposter.fr\/index.php\/produit\/rouleau-scotch-brun-48mm-x-66m-x6\/","name":"Rouleaux scotch brun 48mm x 66m (x6) - SACS A POSTER","isPartOf":{"@id":"https:\/\/www.sacsaposter.fr\/#website"},"primaryImageOfPage":{"@id":"https:\/\/www.sacsaposter.fr\/index.php\/produit\/rouleau-scotch-brun-48mm-x-66m-x6\/#primaryimage"},"image":{"@id":"https:\/\/www.sacsaposter.fr\/index.php\/produit\/rouleau-scotch-brun-48mm-x-66m-x6\/#primaryimage"},"thumbnailUrl":"https:\/\/www.sacsaposter.fr\/wp-content\/uploads\/2022\/04\/brown2.jpg","datePublished":"2022-04-08T14:13:27+00:00","dateModified":"2026-04-02T09:32:12+00:00","description":"Boutique d'emballages e-commerce en ligne. D\u00e9couvrez toute la gamme. Envoi rapide et s\u00e9curis\u00e9. Marque fran\u00e7aise.","breadcrumb":{"@id":"https:\/\/www.sacsaposter.fr\/index.php\/produit\/rouleau-scotch-brun-48mm-x-66m-x6\/#breadcrumb"},"inLanguage":"fr-FR","potentialAction":[{"@type":"ReadAction","target":["https:\/\/www.sacsaposter.fr\/index.php\/produit\/rouleau-scotch-brun-48mm-x-66m-x6\/"]}]},{"@type":"ImageObject","inLanguage":"fr-FR","@id":"https:\/\/www.sacsaposter.fr\/index.php\/produit\/rouleau-scotch-brun-48mm-x-66m-x6\/#primaryimage","url":"https:\/\/www.sacsaposter.fr\/wp-content\/uploads\/2022\/04\/brown2.jpg","contentUrl":"https:\/\/www.sacsaposter.fr\/wp-content\/uploads\/2022\/04\/brown2.jpg","width":223,"height":226,"caption":"Scotch brun"},{"@type":"BreadcrumbList","@id":"https:\/\/www.sacsaposter.fr\/index.php\/produit\/rouleau-scotch-brun-48mm-x-66m-x6\/#breadcrumb","itemListElement":[{"@type":"ListItem","position":1,"name":"Accueil","item":"https:\/\/www.sacsaposter.fr\/"},{"@type":"ListItem","position":2,"name":"Shop","item":"https:\/\/www.sacsaposter.fr\/index.php\/shop\/"},{"@type":"ListItem","position":3,"name":"Rouleaux scotch brun 48mm x 66m (x6)"}]},{"@type":"WebSite","@id":"https:\/\/www.sacsaposter.fr\/#website","url":"https:\/\/www.sacsaposter.fr\/","name":"SACS A POSTER","description":"Le sp\u00e9cialiste de l&#039;emballage E-commerce","publisher":{"@id":"https:\/\/www.sacsaposter.fr\/#organization"},"potentialAction":[{"@type":"SearchAction","target":{"@type":"EntryPoint","urlTemplate":"https:\/\/www.sacsaposter.fr\/?s={search_term_string}"},"query-input":{"@type":"PropertyValueSpecification","valueRequired":true,"valueName":"search_term_string"}}],"inLanguage":"fr-FR"},{"@type":"Organization","@id":"https:\/\/www.sacsaposter.fr\/#organization","name":"TENPAC","url":"https:\/\/www.sacsaposter.fr\/","logo":{"@type":"ImageObject","inLanguage":"fr-FR","@id":"https:\/\/www.sacsaposter.fr\/#\/schema\/logo\/image\/","url":"https:\/\/madeleinezu.com\/wp-content\/uploads\/2021\/06\/logojpg.jpg","contentUrl":"https:\/\/madeleinezu.com\/wp-content\/uploads\/2021\/06\/logojpg.jpg","width":156,"height":59,"caption":"TENPAC"},"image":{"@id":"https:\/\/www.sacsaposter.fr\/#\/schema\/logo\/image\/"}}]}},"jetpack_sharing_enabled":true,"tiered_pricing_type":"fixed","tiered_pricing_fixed_rules":{"6":14.5},"tiered_pricing_product_settings":{"layout":"default","base_unit_name":{"singular":null,"plural":null},"default_variation":null},"tiered_pricing_minimum_quantity":null,"tiered_pricing_roles_data":[],"tiered_pricing_percentage_rules":[],"_links":{"self":[{"href":"https:\/\/www.sacsaposter.fr\/index.php\/wp-json\/wp\/v2\/product\/3017","targetHints":{"allow":["GET"]}}],"collection":[{"href":"https:\/\/www.sacsaposter.fr\/index.php\/wp-json\/wp\/v2\/product"}],"about":[{"href":"https:\/\/www.sacsaposter.fr\/index.php\/wp-json\/wp\/v2\/types\/product"}],"replies":[{"embeddable":true,"href":"https:\/\/www.sacsaposter.fr\/index.php\/wp-json\/wp\/v2\/comments?post=3017"}],"wp:featuredmedia":[{"embeddable":true,"href":"https:\/\/www.sacsaposter.fr\/index.php\/wp-json\/wp\/v2\/media\/3066"}],"wp:attachment":[{"href":"https:\/\/www.sacsaposter.fr\/index.php\/wp-json\/wp\/v2\/media?parent=3017"}],"wp:term":[{"taxonomy":"product_brand","embeddable":true,"href":"https:\/\/www.sacsaposter.fr\/index.php\/wp-json\/wp\/v2\/product_brand?post=3017"},{"taxonomy":"product_cat","embeddable":true,"href":"https:\/\/www.sacsaposter.fr\/index.php\/wp-json\/wp\/v2\/product_cat?post=3017"},{"taxonomy":"product_tag","embeddable":true,"href":"https:\/\/www.sacsaposter.fr\/index.php\/wp-json\/wp\/v2\/product_tag?post=3017"}],"curies":[{"name":"wp","href":"https:\/\/api.w.org\/{rel}","templated":true}]}}