{"id":3026,"date":"2022-04-08T19:01:03","date_gmt":"2022-04-08T17:01:03","guid":{"rendered":"https:\/\/madeleinezu.com\/SAP2\/?post_type=product&#038;p=3026"},"modified":"2026-04-14T16:50:31","modified_gmt":"2026-04-14T14:50:31","slug":"sacs-kraft-37x28cm-x100","status":"publish","type":"product","link":"https:\/\/www.sacsaposter.fr\/index.php\/produit\/sacs-kraft-37x28cm-x100\/","title":{"rendered":"Sacs kraft 37x28cm (x100)"},"content":{"rendered":"<h3>Emballez vos envois avec nos Sacs \u00e0 Poster respectueux de l&rsquo;environnement et passez un message vertueux \u00e0 votre client\u00e8le.<\/h3>\n<p>Les Sacs \u00e0 Poster en papier kraft sont fabriqu\u00e9s \u00e0 partir d&rsquo;arbres provenant des for\u00eats nordiques qui sont remplac\u00e9s.<\/p>\n<p>Ils sont id\u00e9aux pour les commerces en ligne soucieux de l&rsquo;environnement. Les sacs postaux en papier v\u00e9hiculent un message \u00e9cologique, car ils sont biod\u00e9gradables, compostables et facilement recyclables.<\/p>\n<h4>Les avantages :<\/h4>\n<div class=\"vcex-module vcex-list_item wpex-max-w-100 wpex-clr wpex-mb-5 vc_custom_1552064256569\">\n<div class=\"vcex-list-item-inner wpex-inline-flex wpex-flex-no-wrap\">\n<ul>\n<li class=\"vcex-list-item-text vcex-content wpex-flex-grow\">100% compostables<\/li>\n<li class=\"vcex-list-item-text vcex-content wpex-flex-grow\">100% recyclables<\/li>\n<li>fabriqu\u00e9s \u00e0 partir de mati\u00e8res renouvelables<\/li>\n<li>respectueux de l&rsquo;environnement<\/li>\n<li>tr\u00e8s r\u00e9sistants<\/li>\n<li>Fermeture facile par languette auto-adh\u00e9sive inviolable.<\/li>\n<\/ul>\n<p>&nbsp;<\/p>\n<\/div>\n<\/div>\n<div class=\"vcex-module vcex-list_item wpex-max-w-100 wpex-clr wpex-mb-5 vc_custom_1552064263364\">\n<div class=\"vcex-list-item-inner wpex-inline-flex wpex-flex-no-wrap\">\n<h4 class=\"vcex-list-item-text vcex-content wpex-flex-grow\">Caract\u00e9ristiques :<\/h4>\n<\/div>\n<\/div>\n<ul>\n<li>Quantit\u00e9 : lot de 100 pi\u00e8ces.<\/li>\n<li>Dimensions : 37 x 28 cm (+ rabat 4 cm). Utile : 35x26cm.<\/li>\n<li>Fermeture facile par languette auto-adh\u00e9sive inviolable.<\/li>\n<li>Signal\u00e9tique Triman appos\u00e9e sur l&#8217;emballage (<a href=\"https:\/\/www.sacsaposter.fr\/index.php\/2023\/03\/16\/pourquoi-le-logo-triman-figure-sur-nos-sacs-a-poster\/\" target=\"_blank\" rel=\"noopener\">en savoir plus<\/a>)<\/li>\n<\/ul>\n","protected":false},"excerpt":{"rendered":"<p>Lot de 100 pi\u00e8ces<\/p>\n<p>Tarif HT<\/p>\n","protected":false},"featured_media":3057,"comment_status":"open","ping_status":"closed","template":"","meta":[],"product_brand":[],"product_cat":[84],"product_tag":[102,93,114,106,91],"class_list":{"0":"post-3026","1":"product","2":"type-product","3":"status-publish","4":"has-post-thumbnail","6":"product_cat-sacs-a-poster-kraft","7":"product_tag-brun","8":"product_tag-classic","9":"product_tag-enveloppe-colis","10":"product_tag-kraft","11":"product_tag-sacs-a-poster","13":"first","14":"instock","15":"featured","16":"taxable","17":"shipping-taxable","18":"purchasable","19":"product-type-simple"},"yoast_head":"<!-- This site is optimized with the Yoast SEO plugin v26.7 - https:\/\/yoast.com\/wordpress\/plugins\/seo\/ -->\n<title>Sacs kraft 37x28cm (x100) - SACS A POSTER<\/title>\n<meta name=\"description\" content=\"Emballez vos envois avec nos Sacs \u00e0 Poster respectueux de l&#039;environnement et passez un message vertueux \u00e0 votre client\u00e8le.\" \/>\n<meta name=\"robots\" content=\"index, follow, max-snippet:-1, max-image-preview:large, max-video-preview:-1\" \/>\n<link rel=\"canonical\" href=\"https:\/\/www.sacsaposter.fr\/index.php\/produit\/sacs-kraft-37x28cm-x100\/\" \/>\n<meta property=\"og:locale\" content=\"fr_FR\" \/>\n<meta property=\"og:type\" content=\"article\" \/>\n<meta property=\"og:title\" content=\"Sacs kraft 37x28cm (x100) - SACS A POSTER\" \/>\n<meta property=\"og:description\" content=\"Emballez vos envois avec nos Sacs \u00e0 Poster respectueux de l&#039;environnement et passez un message vertueux \u00e0 votre client\u00e8le.\" \/>\n<meta property=\"og:url\" content=\"https:\/\/www.sacsaposter.fr\/index.php\/produit\/sacs-kraft-37x28cm-x100\/\" \/>\n<meta property=\"og:site_name\" content=\"SACS A POSTER\" \/>\n<meta property=\"article:modified_time\" content=\"2026-04-14T14:50:31+00:00\" \/>\n<meta property=\"og:image\" content=\"https:\/\/www.sacsaposter.fr\/wp-content\/uploads\/2022\/04\/Krafty1_275x275.jpg\" \/>\n\t<meta property=\"og:image:width\" content=\"275\" \/>\n\t<meta property=\"og:image:height\" content=\"275\" \/>\n\t<meta property=\"og:image:type\" content=\"image\/jpeg\" \/>\n<meta name=\"twitter:card\" content=\"summary_large_image\" \/>\n<meta name=\"twitter:label1\" content=\"Dur\u00e9e de lecture estim\u00e9e\" \/>\n\t<meta name=\"twitter:data1\" content=\"1 minute\" \/>\n<script type=\"application\/ld+json\" class=\"yoast-schema-graph\">{\"@context\":\"https:\/\/schema.org\",\"@graph\":[{\"@type\":\"WebPage\",\"@id\":\"https:\/\/www.sacsaposter.fr\/index.php\/produit\/sacs-kraft-37x28cm-x100\/\",\"url\":\"https:\/\/www.sacsaposter.fr\/index.php\/produit\/sacs-kraft-37x28cm-x100\/\",\"name\":\"Sacs kraft 37x28cm (x100) - SACS A POSTER\",\"isPartOf\":{\"@id\":\"https:\/\/www.sacsaposter.fr\/#website\"},\"primaryImageOfPage\":{\"@id\":\"https:\/\/www.sacsaposter.fr\/index.php\/produit\/sacs-kraft-37x28cm-x100\/#primaryimage\"},\"image\":{\"@id\":\"https:\/\/www.sacsaposter.fr\/index.php\/produit\/sacs-kraft-37x28cm-x100\/#primaryimage\"},\"thumbnailUrl\":\"https:\/\/www.sacsaposter.fr\/wp-content\/uploads\/2022\/04\/Krafty1_275x275.jpg\",\"datePublished\":\"2022-04-08T17:01:03+00:00\",\"dateModified\":\"2026-04-14T14:50:31+00:00\",\"description\":\"Emballez vos envois avec nos Sacs \u00e0 Poster respectueux de l'environnement et passez un message vertueux \u00e0 votre client\u00e8le.\",\"breadcrumb\":{\"@id\":\"https:\/\/www.sacsaposter.fr\/index.php\/produit\/sacs-kraft-37x28cm-x100\/#breadcrumb\"},\"inLanguage\":\"fr-FR\",\"potentialAction\":[{\"@type\":\"ReadAction\",\"target\":[\"https:\/\/www.sacsaposter.fr\/index.php\/produit\/sacs-kraft-37x28cm-x100\/\"]}]},{\"@type\":\"ImageObject\",\"inLanguage\":\"fr-FR\",\"@id\":\"https:\/\/www.sacsaposter.fr\/index.php\/produit\/sacs-kraft-37x28cm-x100\/#primaryimage\",\"url\":\"https:\/\/www.sacsaposter.fr\/wp-content\/uploads\/2022\/04\/Krafty1_275x275.jpg\",\"contentUrl\":\"https:\/\/www.sacsaposter.fr\/wp-content\/uploads\/2022\/04\/Krafty1_275x275.jpg\",\"width\":275,\"height\":275,\"caption\":\"Sacs \u00e0 Poster Kraft\"},{\"@type\":\"BreadcrumbList\",\"@id\":\"https:\/\/www.sacsaposter.fr\/index.php\/produit\/sacs-kraft-37x28cm-x100\/#breadcrumb\",\"itemListElement\":[{\"@type\":\"ListItem\",\"position\":1,\"name\":\"Accueil\",\"item\":\"https:\/\/www.sacsaposter.fr\/\"},{\"@type\":\"ListItem\",\"position\":2,\"name\":\"Shop\",\"item\":\"https:\/\/www.sacsaposter.fr\/index.php\/shop\/\"},{\"@type\":\"ListItem\",\"position\":3,\"name\":\"Sacs kraft 37x28cm (x100)\"}]},{\"@type\":\"WebSite\",\"@id\":\"https:\/\/www.sacsaposter.fr\/#website\",\"url\":\"https:\/\/www.sacsaposter.fr\/\",\"name\":\"SACS A POSTER\",\"description\":\"Le sp\u00e9cialiste de l&#039;emballage E-commerce\",\"publisher\":{\"@id\":\"https:\/\/www.sacsaposter.fr\/#organization\"},\"potentialAction\":[{\"@type\":\"SearchAction\",\"target\":{\"@type\":\"EntryPoint\",\"urlTemplate\":\"https:\/\/www.sacsaposter.fr\/?s={search_term_string}\"},\"query-input\":{\"@type\":\"PropertyValueSpecification\",\"valueRequired\":true,\"valueName\":\"search_term_string\"}}],\"inLanguage\":\"fr-FR\"},{\"@type\":\"Organization\",\"@id\":\"https:\/\/www.sacsaposter.fr\/#organization\",\"name\":\"TENPAC\",\"url\":\"https:\/\/www.sacsaposter.fr\/\",\"logo\":{\"@type\":\"ImageObject\",\"inLanguage\":\"fr-FR\",\"@id\":\"https:\/\/www.sacsaposter.fr\/#\/schema\/logo\/image\/\",\"url\":\"https:\/\/madeleinezu.com\/wp-content\/uploads\/2021\/06\/logojpg.jpg\",\"contentUrl\":\"https:\/\/madeleinezu.com\/wp-content\/uploads\/2021\/06\/logojpg.jpg\",\"width\":156,\"height\":59,\"caption\":\"TENPAC\"},\"image\":{\"@id\":\"https:\/\/www.sacsaposter.fr\/#\/schema\/logo\/image\/\"}}]}<\/script>\n<!-- \/ Yoast SEO plugin. -->","yoast_head_json":{"title":"Sacs kraft 37x28cm (x100) - SACS A POSTER","description":"Emballez vos envois avec nos Sacs \u00e0 Poster respectueux de l'environnement et passez un message vertueux \u00e0 votre client\u00e8le.","robots":{"index":"index","follow":"follow","max-snippet":"max-snippet:-1","max-image-preview":"max-image-preview:large","max-video-preview":"max-video-preview:-1"},"canonical":"https:\/\/www.sacsaposter.fr\/index.php\/produit\/sacs-kraft-37x28cm-x100\/","og_locale":"fr_FR","og_type":"article","og_title":"Sacs kraft 37x28cm (x100) - SACS A POSTER","og_description":"Emballez vos envois avec nos Sacs \u00e0 Poster respectueux de l'environnement et passez un message vertueux \u00e0 votre client\u00e8le.","og_url":"https:\/\/www.sacsaposter.fr\/index.php\/produit\/sacs-kraft-37x28cm-x100\/","og_site_name":"SACS A POSTER","article_modified_time":"2026-04-14T14:50:31+00:00","og_image":[{"width":275,"height":275,"url":"https:\/\/www.sacsaposter.fr\/wp-content\/uploads\/2022\/04\/Krafty1_275x275.jpg","type":"image\/jpeg"}],"twitter_card":"summary_large_image","twitter_misc":{"Dur\u00e9e de lecture estim\u00e9e":"1 minute"},"schema":{"@context":"https:\/\/schema.org","@graph":[{"@type":"WebPage","@id":"https:\/\/www.sacsaposter.fr\/index.php\/produit\/sacs-kraft-37x28cm-x100\/","url":"https:\/\/www.sacsaposter.fr\/index.php\/produit\/sacs-kraft-37x28cm-x100\/","name":"Sacs kraft 37x28cm (x100) - SACS A POSTER","isPartOf":{"@id":"https:\/\/www.sacsaposter.fr\/#website"},"primaryImageOfPage":{"@id":"https:\/\/www.sacsaposter.fr\/index.php\/produit\/sacs-kraft-37x28cm-x100\/#primaryimage"},"image":{"@id":"https:\/\/www.sacsaposter.fr\/index.php\/produit\/sacs-kraft-37x28cm-x100\/#primaryimage"},"thumbnailUrl":"https:\/\/www.sacsaposter.fr\/wp-content\/uploads\/2022\/04\/Krafty1_275x275.jpg","datePublished":"2022-04-08T17:01:03+00:00","dateModified":"2026-04-14T14:50:31+00:00","description":"Emballez vos envois avec nos Sacs \u00e0 Poster respectueux de l'environnement et passez un message vertueux \u00e0 votre client\u00e8le.","breadcrumb":{"@id":"https:\/\/www.sacsaposter.fr\/index.php\/produit\/sacs-kraft-37x28cm-x100\/#breadcrumb"},"inLanguage":"fr-FR","potentialAction":[{"@type":"ReadAction","target":["https:\/\/www.sacsaposter.fr\/index.php\/produit\/sacs-kraft-37x28cm-x100\/"]}]},{"@type":"ImageObject","inLanguage":"fr-FR","@id":"https:\/\/www.sacsaposter.fr\/index.php\/produit\/sacs-kraft-37x28cm-x100\/#primaryimage","url":"https:\/\/www.sacsaposter.fr\/wp-content\/uploads\/2022\/04\/Krafty1_275x275.jpg","contentUrl":"https:\/\/www.sacsaposter.fr\/wp-content\/uploads\/2022\/04\/Krafty1_275x275.jpg","width":275,"height":275,"caption":"Sacs \u00e0 Poster Kraft"},{"@type":"BreadcrumbList","@id":"https:\/\/www.sacsaposter.fr\/index.php\/produit\/sacs-kraft-37x28cm-x100\/#breadcrumb","itemListElement":[{"@type":"ListItem","position":1,"name":"Accueil","item":"https:\/\/www.sacsaposter.fr\/"},{"@type":"ListItem","position":2,"name":"Shop","item":"https:\/\/www.sacsaposter.fr\/index.php\/shop\/"},{"@type":"ListItem","position":3,"name":"Sacs kraft 37x28cm (x100)"}]},{"@type":"WebSite","@id":"https:\/\/www.sacsaposter.fr\/#website","url":"https:\/\/www.sacsaposter.fr\/","name":"SACS A POSTER","description":"Le sp\u00e9cialiste de l&#039;emballage E-commerce","publisher":{"@id":"https:\/\/www.sacsaposter.fr\/#organization"},"potentialAction":[{"@type":"SearchAction","target":{"@type":"EntryPoint","urlTemplate":"https:\/\/www.sacsaposter.fr\/?s={search_term_string}"},"query-input":{"@type":"PropertyValueSpecification","valueRequired":true,"valueName":"search_term_string"}}],"inLanguage":"fr-FR"},{"@type":"Organization","@id":"https:\/\/www.sacsaposter.fr\/#organization","name":"TENPAC","url":"https:\/\/www.sacsaposter.fr\/","logo":{"@type":"ImageObject","inLanguage":"fr-FR","@id":"https:\/\/www.sacsaposter.fr\/#\/schema\/logo\/image\/","url":"https:\/\/madeleinezu.com\/wp-content\/uploads\/2021\/06\/logojpg.jpg","contentUrl":"https:\/\/madeleinezu.com\/wp-content\/uploads\/2021\/06\/logojpg.jpg","width":156,"height":59,"caption":"TENPAC"},"image":{"@id":"https:\/\/www.sacsaposter.fr\/#\/schema\/logo\/image\/"}}]}},"jetpack_sharing_enabled":true,"tiered_pricing_type":"fixed","tiered_pricing_fixed_rules":{"5":23.2,"10":21.95,"50":21.15},"tiered_pricing_product_settings":{"layout":"default","base_unit_name":{"singular":null,"plural":null},"default_variation":null},"tiered_pricing_minimum_quantity":null,"tiered_pricing_roles_data":[],"tiered_pricing_percentage_rules":[],"_links":{"self":[{"href":"https:\/\/www.sacsaposter.fr\/index.php\/wp-json\/wp\/v2\/product\/3026","targetHints":{"allow":["GET"]}}],"collection":[{"href":"https:\/\/www.sacsaposter.fr\/index.php\/wp-json\/wp\/v2\/product"}],"about":[{"href":"https:\/\/www.sacsaposter.fr\/index.php\/wp-json\/wp\/v2\/types\/product"}],"replies":[{"embeddable":true,"href":"https:\/\/www.sacsaposter.fr\/index.php\/wp-json\/wp\/v2\/comments?post=3026"}],"wp:featuredmedia":[{"embeddable":true,"href":"https:\/\/www.sacsaposter.fr\/index.php\/wp-json\/wp\/v2\/media\/3057"}],"wp:attachment":[{"href":"https:\/\/www.sacsaposter.fr\/index.php\/wp-json\/wp\/v2\/media?parent=3026"}],"wp:term":[{"taxonomy":"product_brand","embeddable":true,"href":"https:\/\/www.sacsaposter.fr\/index.php\/wp-json\/wp\/v2\/product_brand?post=3026"},{"taxonomy":"product_cat","embeddable":true,"href":"https:\/\/www.sacsaposter.fr\/index.php\/wp-json\/wp\/v2\/product_cat?post=3026"},{"taxonomy":"product_tag","embeddable":true,"href":"https:\/\/www.sacsaposter.fr\/index.php\/wp-json\/wp\/v2\/product_tag?post=3026"}],"curies":[{"name":"wp","href":"https:\/\/api.w.org\/{rel}","templated":true}]}}